{"id":4937,"date":"2018-07-08T12:05:09","date_gmt":"2018-07-08T10:05:09","guid":{"rendered":"http:\/\/weblog.danny-winkelmann.de\/?page_id=4937"},"modified":"2022-02-27T10:59:55","modified_gmt":"2022-02-27T09:59:55","slug":"bildung","status":"publish","type":"page","link":"http:\/\/business.danny-winkelmann.de\/?page_id=4937","title":{"rendered":"Bildung"},"content":{"rendered":"<div class=\"wpb-content-wrapper\"><p>[vc_row css=&#8221;.vc_custom_1427330132202{padding-bottom: 20px !important;}&#8221;][vc_column][lab_heading title=&#8221;Bildung.&#8221;][\/lab_heading][\/vc_column][\/vc_row][vc_row equal_height=&#8221;yes&#8221; el_id=&#8221;education1&#8243;][vc_column][vc_column_text]<\/p>\n<h3>Akademische Ausbildung<\/h3>\n<p>[\/vc_column_text][vc_row_inner][vc_column_inner width=&#8221;1\/6&#8243;][vc_single_image image=&#8221;5125&#8243; img_size=&#8221;60&#215;60&#8243; alignment=&#8221;center&#8221; css_animation=&#8221;none&#8221;][\/vc_column_inner][vc_column_inner width=&#8221;4\/6&#8243;][vc_column_text]<\/p>\n<h4><span style=\"color: #365f91;\">Engineering Management<\/span><\/h4>\n<h5><span style=\"color: #222a35;\">Wilhelm B\u00fcchner Hochschule<\/span><\/h5>\n<p>Abschluss: Master of Business Administration<br \/>\nSchwerpunkt: Markt- und Projektmanagement[\/vc_column_text][vc_separator style=&#8221;dotted&#8221;][\/vc_column_inner][vc_column_inner width=&#8221;1\/6&#8243;][vc_column_text]<\/p>\n<h4 style=\"text-align: right;\">06\/2017 &#8211; 07\/2019<\/h4>\n<p>[\/vc_column_text][\/vc_column_inner][\/vc_row_inner][vc_row_inner][vc_column_inner width=&#8221;1\/6&#8243;][vc_single_image image=&#8221;143&#8243; img_size=&#8221;60&#215;60&#8243; alignment=&#8221;center&#8221; css_animation=&#8221;none&#8221;][\/vc_column_inner][vc_column_inner width=&#8221;4\/6&#8243;][vc_column_text]<\/p>\n<h4><span style=\"color: #365f91;\">Industrial Engineering<\/span><\/h4>\n<h5><span style=\"color: #222a35;\">Beuth Hochschule f\u00fcr Technik Berlin<\/span><\/h5>\n<p>Abschluss: Master of Engineering<br \/>\nSchwerpunkt: Unternehmensf\u00fchrung und Personalentwicklung[\/vc_column_text][vc_separator style=&#8221;dotted&#8221;][\/vc_column_inner][vc_column_inner width=&#8221;1\/6&#8243;][vc_column_text]<\/p>\n<h4 style=\"text-align: right;\">04\/2011 &#8211; 01\/2016<\/h4>\n<p>[\/vc_column_text][\/vc_column_inner][\/vc_row_inner][vc_row_inner][vc_column_inner width=&#8221;1\/6&#8243;][vc_single_image image=&#8221;4961&#8243; img_size=&#8221;60&#215;60&#8243; alignment=&#8221;center&#8221; css_animation=&#8221;none&#8221;][\/vc_column_inner][vc_column_inner width=&#8221;4\/6&#8243;][vc_column_text]<\/p>\n<h4><span style=\"color: #365f91;\">Maschinenbau<\/span><\/h4>\n<h5><span style=\"color: #222a35;\">Hochschule f\u00fcr Wirtschaft und Recht Berlin<\/span><\/h5>\n<p>Abschluss: Bachelor of Engineering<br \/>\nSchwerpunkt: Konstruktion und Fertigung[\/vc_column_text][\/vc_column_inner][vc_column_inner width=&#8221;1\/6&#8243;][vc_column_text]<\/p>\n<h4 style=\"text-align: right;\">10\/2007 &#8211; 09\/2010<\/h4>\n<p>[\/vc_column_text][\/vc_column_inner][\/vc_row_inner][\/vc_column][\/vc_row][vc_row full_width=&#8221;stretch_row&#8221; content_placement=&#8221;middle&#8221; css=&#8221;.vc_custom_1531047644373{background-color: #fafafa !important;}&#8221;][vc_column width=&#8221;1\/6&#8243;][\/vc_column][vc_column width=&#8221;4\/6&#8243;][vc_column_text css=&#8221;.vc_custom_1549595777979{padding-top: 30px !important;padding-right: 15px !important;}&#8221;]Meine berufliche Laufbahn begann mit dem Dualen-Studium bei der Daimler AG im Mercedes-Benz Werk Berlin-Marienfelde, in dessen Rahmen ich mein Maschinenbaustudium in der Fachrichtung Konstruktion und Fertigung als Bachelor of Engineering abschlie\u00dfen konnte.<br \/>\nIn den folgenden Jahren betreute ich haupts\u00e4chlich die Bauteile der Kraftstoffhochdruck-Komponenten, der Kurbelwelle und der Kurbelgeh\u00e4use. Au\u00dferdem kann ich auf ein breites Spektrum an Wissen \u00fcber verschiedene Fertigungstechniken wie Laser-Schwei\u00dfen, Honen, Hochtemperaturl\u00f6ten, H\u00e4rten und Rollieren zur\u00fcckgreifen.[\/vc_column_text][\/vc_column][vc_column width=&#8221;1\/6&#8243;][vc_icon icon_linea=&#8221;icon-basic-pencil-ruler&#8221; color=&#8221;custom&#8221; size=&#8221;lg&#8221; align=&#8221;center&#8221; custom_color=&#8221;#333f50&#8243;][\/vc_column][vc_column][vc_separator style=&#8221;shadow&#8221;][\/vc_column][\/vc_row][vc_row full_width=&#8221;stretch_row&#8221; content_placement=&#8221;middle&#8221; css=&#8221;.vc_custom_1531047637168{background-color: #fafafa !important;}&#8221;][vc_column width=&#8221;1\/6&#8243;][vc_icon icon_linea=&#8221;icon-basic-laptop&#8221; color=&#8221;custom&#8221; size=&#8221;lg&#8221; custom_color=&#8221;#333f50&#8243;][\/vc_column][vc_column width=&#8221;4\/6&#8243;][vc_column_text css=&#8221;.vc_custom_1531048881134{padding-top: 15px !important;padding-right: 15px !important;padding-bottom: 15px !important;}&#8221;]Um meine Sichtweise zu erweitern entschied ich mich zu einem Studium des Wirtschaftsingenieurwesens, welches ich nebenberuflich als Master of Engineering erfolgreich absolvierte. Damit konnte ich mein technisches Fachwissen mit betriebswirtschaftlichen Aspekten erweitern. Mit Hilfe der gewonnenen Erkenntnisse fungiere ich als Schnittstelle der betriebswirtschaftlichen und der technischen Bereiche im Berufsalltag. Der Schwerpunkt des Studiums lag auf Unternehmensf\u00fchrung und Personalentwicklung um die Anforderungen eines Unternehmens besser verstehen zu k\u00f6nnen und neue Impulse f\u00fcr Probleml\u00f6seprozesse und deren Analyse zu erlangen.[\/vc_column_text][\/vc_column][vc_column width=&#8221;1\/6&#8243;][\/vc_column][vc_column][vc_separator style=&#8221;shadow&#8221;][\/vc_column][\/vc_row][vc_row full_width=&#8221;stretch_row&#8221; content_placement=&#8221;middle&#8221; css=&#8221;.vc_custom_1531047629886{background-color: #fafafa !important;}&#8221;][vc_column width=&#8221;1\/6&#8243;][\/vc_column][vc_column width=&#8221;4\/6&#8243;][vc_column_text css=&#8221;.vc_custom_1645954987779{padding-right: 15px !important;}&#8221;]Mit dem Ziel meine theoretische Ausbildung neben meiner T\u00e4tigkeit im Ausland zu komplettieren absolvierte ich ein Studium in Management Engineering, welches ich als Master of Business Administration abgeschlossen habe. Mit Hilfe der Fokussierung auf betriebswirtschaftliche Themen kann ich meine akademische Ausbildung auf ein breites Fundament an technischem und betriebswirtschaftlichen Wissen stellen. In Verbindung mit meiner mehrj\u00e4hrigen Berufserfahrung als Ingenieur und meiner Auslandserfahrung kann ich auf eine kompetente Verschr\u00e4nkung von Theorie und Praxis zur\u00fcckgreifen, die mich bef\u00e4higt komplexe Zusammenhalte zu analysieren und zielgerichtete L\u00f6sungen zu finden.[\/vc_column_text][\/vc_column][vc_column width=&#8221;1\/6&#8243;][vc_icon icon_linea=&#8221;icon-basic-case&#8221; color=&#8221;custom&#8221; size=&#8221;lg&#8221; custom_color=&#8221;#333f50&#8243;][\/vc_column][\/vc_row]<\/p>\n<\/div>","protected":false},"excerpt":{"rendered":"<p>[vc_row css=&#8221;.vc_custom_1427330132202{padding-bottom: 20px !important;}&#8221;][vc_column][lab_heading title=&#8221;Bildung.&#8221;][\/lab_heading][\/vc_column][\/vc_row][vc_row equal_height=&#8221;yes&#8221; el_id=&#8221;education1&#8243;][vc_column][vc_column_text] Akademische Ausbildung [\/vc_column_text][vc_row_inner][vc_column_inner width=&#8221;1\/6&#8243;][vc_single_image image=&#8221;5125&#8243; img_size=&#8221;60&#215;60&#8243; alignment=&#8221;center&#8221; css_animation=&#8221;none&#8221;][\/vc_column_inner][vc_column_inner width=&#8221;4\/6&#8243;][vc_column_text] Engineering Management Wilhelm B\u00fcchner Hochschule Abschluss: Master of Business Administration Schwerpunkt: Markt- und Projektmanagement[\/vc_column_text][vc_separator style=&#8221;dotted&#8221;][\/vc_column_inner][vc_column_inner width=&#8221;1\/6&#8243;][vc_column_text] 06\/2017 &#8211; 07\/2019 [\/vc_column_text][\/vc_column_inner][\/vc_row_inner][vc_row_inner][vc_column_inner width=&#8221;1\/6&#8243;][vc_single_image image=&#8221;143&#8243; img_size=&#8221;60&#215;60&#8243; alignment=&#8221;center&#8221; css_animation=&#8221;none&#8221;][\/vc_column_inner][vc_column_inner width=&#8221;4\/6&#8243;][vc_column_text] Industrial Engineering Beuth Hochschule f\u00fcr Technik Berlin Abschluss: Master of Engineering Schwerpunkt: Unternehmensf\u00fchrung&hellip;<\/p>\n","protected":false},"author":1,"featured_media":0,"parent":0,"menu_order":0,"comment_status":"open","ping_status":"open","template":"","meta":{"_acf_changed":false,"footnotes":""},"class_list":["post-4937","page","type-page","status-publish","hentry"],"acf":[],"_links":{"self":[{"href":"http:\/\/business.danny-winkelmann.de\/index.php?rest_route=\/wp\/v2\/pages\/4937","targetHints":{"allow":["GET"]}}],"collection":[{"href":"http:\/\/business.danny-winkelmann.de\/index.php?rest_route=\/wp\/v2\/pages"}],"about":[{"href":"http:\/\/business.danny-winkelmann.de\/index.php?rest_route=\/wp\/v2\/types\/page"}],"author":[{"embeddable":true,"href":"http:\/\/business.danny-winkelmann.de\/index.php?rest_route=\/wp\/v2\/users\/1"}],"replies":[{"embeddable":true,"href":"http:\/\/business.danny-winkelmann.de\/index.php?rest_route=%2Fwp%2Fv2%2Fcomments&post=4937"}],"version-history":[{"count":33,"href":"http:\/\/business.danny-winkelmann.de\/index.php?rest_route=\/wp\/v2\/pages\/4937\/revisions"}],"predecessor-version":[{"id":5223,"href":"http:\/\/business.danny-winkelmann.de\/index.php?rest_route=\/wp\/v2\/pages\/4937\/revisions\/5223"}],"wp:attachment":[{"href":"http:\/\/business.danny-winkelmann.de\/index.php?rest_route=%2Fwp%2Fv2%2Fmedia&parent=4937"}],"curies":[{"name":"wp","href":"https:\/\/api.w.org\/{rel}","templated":true}]}}