{"id":4808,"date":"2018-07-07T10:44:51","date_gmt":"2018-07-07T08:44:51","guid":{"rendered":"http:\/\/weblog.danny-winkelmann.de\/?page_id=4808"},"modified":"2026-04-05T04:08:55","modified_gmt":"2026-04-05T02:08:55","slug":"ueber-mich-2","status":"publish","type":"page","link":"http:\/\/business.danny-winkelmann.de\/?page_id=4808","title":{"rendered":"Beruf"},"content":{"rendered":"<div class=\"wpb-content-wrapper\"><p>[vc_row css=&#8221;.vc_custom_1427330132202{padding-bottom: 20px !important;}&#8221;][vc_column][lab_heading title=&#8221;Beruf.&#8221;][\/lab_heading][\/vc_column][\/vc_row][vc_row equal_height=&#8221;yes&#8221; content_placement=&#8221;middle&#8221; el_id=&#8221;daimler-jobs1&#8243;][vc_column][vc_column_text css=&#8221;&#8221;]<\/p>\n<h3>DaimlerChrysler AG<\/h3>\n<p>Meine berufliche Laufbahn startete ich bei der damaligen DaimlerChrysler AG im Mercedes-Benz Werk Berlin-Marienfelde. Eine \u00dcbersicht meiner bisherigen Positionen k\u00f6nnen Sie hier einsehen:<\/p>\n<p>[\/vc_column_text][vc_row_inner][vc_column_inner width=&#8221;1\/6&#8243;][vc_single_image image=&#8221;133&#8243; img_size=&#8221;50&#215;50&#8243; alignment=&#8221;center&#8221; css_animation=&#8221;none&#8221;][vc_column_text css_animation=&#8221;fadeIn&#8221; css=&#8221;&#8221;]<\/p>\n<p style=\"text-align: center;\"><span style=\"font-size: 10pt;\">\u5317\u4eac\u5954\u9a70<\/span><\/p>\n<p>[\/vc_column_text][\/vc_column_inner][vc_column_inner width=&#8221;4\/6&#8243;][vc_column_text css=&#8221;&#8221;]<\/p>\n<h4><span style=\"color: #365f91;\">Qualit\u00e4ts-Ingenieur Montage f\u00fcr elektrisches Antriebssystem (eATS 2.0)<\/span><\/h4>\n<h5><span style=\"color: #222a35;\">Mercedes-Benz Group China Ltd., Mercedes-Benz AG. Beijing, China.<\/span><\/h5>\n<p>Qualit\u00e4tsplanung Montage eATS 2.0, Motoren und Batterien.<br \/>\nAuf Grund meiner Erfahrungen mit dem elektrischen Antriebssystem hatte ich erneut die M\u00f6glichkeit meine Kenntnisse im Rahmen des eATS 2.0-Projektes in China einzubringen. Bei der Inbetriebnahme der Montagelinie in Peking kann ich auf meine Erfahrungen aus Betreiber- und Qualit\u00e4tssicht aus meinem vorherigen Positionen zur\u00fcckgreifen.[\/vc_column_text][vc_separator style=&#8221;dotted&#8221;][\/vc_column_inner][vc_column_inner width=&#8221;1\/6&#8243;][vc_column_text css=&#8221;&#8221;]<\/p>\n<h4 style=\"text-align: right;\">09\/2025 &#8211; heute<\/h4>\n<p>[\/vc_column_text][\/vc_column_inner][\/vc_row_inner][vc_row_inner][vc_column_inner width=&#8221;1\/6&#8243;][vc_single_image image=&#8221;133&#8243; img_size=&#8221;50&#215;50&#8243; alignment=&#8221;center&#8221; css_animation=&#8221;none&#8221;][vc_column_text css_animation=&#8221;fadeIn&#8221;]<\/p>\n<p style=\"text-align: center;\"><span style=\"font-size: 10pt;\">Werk Untert\u00fcrkheim<\/span><\/p>\n<p>[\/vc_column_text][\/vc_column_inner][vc_column_inner width=&#8221;4\/6&#8243;][vc_column_text css=&#8221;&#8221;]<\/p>\n<h4><span style=\"color: #365f91;\">Qualit\u00e4ts-Ingenieur Montage f\u00fcr elektrisches Antriebssystem (eATS 2.0)<\/span><\/h4>\n<h5><span style=\"color: #222a35;\">Mercedes-Benz AG, Stuttgart, Deutschland.<\/span><\/h5>\n<p>Qualit\u00e4tsplanung Montage eATS 2.0.<br \/>\nMit dem Wechsel in die Qualit\u00e4tsabteilung konnte ich ein langj\u00e4hriges Ziel umsetzen: Auf Grundlage meiner Erfahrungen aus Betreiber- und Planungssicht konnte ich die in der Praxis erworbenen Kenntnisse bei der Ausarbeitung des Qualit\u00e4tskonzeptes f\u00fcr das eATS 2.0 effektiv einsetzen und so einen Beitrag dazu leisten, dass die Qualit\u00e4tsanforderungen eingehalten und umgesetzt wurden.[\/vc_column_text][vc_separator style=&#8221;dotted&#8221;][\/vc_column_inner][vc_column_inner width=&#8221;1\/6&#8243;][vc_column_text css=&#8221;&#8221;]<\/p>\n<h4 style=\"text-align: right;\">05\/2023 &#8211; 09\/2025<\/h4>\n<p>[\/vc_column_text][\/vc_column_inner][\/vc_row_inner][vc_row_inner][vc_column_inner width=&#8221;1\/6&#8243;][vc_single_image image=&#8221;133&#8243; img_size=&#8221;50&#215;50&#8243; alignment=&#8221;center&#8221; css_animation=&#8221;none&#8221;][vc_column_text css_animation=&#8221;fadeIn&#8221;]<\/p>\n<p style=\"text-align: center;\"><span style=\"font-size: 10pt;\">Werk Untert\u00fcrkheim<\/span><\/p>\n<p>[\/vc_column_text][\/vc_column_inner][vc_column_inner width=&#8221;4\/6&#8243;][vc_column_text]<\/p>\n<h4><span style=\"color: #365f91;\">Ingenieur Montage f\u00fcr elektrisches Antriebssystem (eATS 2.0)<\/span><\/h4>\n<h5><span style=\"color: #222a35;\">Mercedes-Benz AG, Stuttgart, Deutschland.<\/span><\/h5>\n<p>Montage eATS 2.0.<br \/>\nMitglied des Kernteams f\u00fcr die weltweit erste Montage des eATS 2.0 im Werk Untert\u00fcrkheim. Hauptaufgaben sind zu Beginn die Mitarbeit bei den Konstruktionsdurchsprachen mit den Herstellern sowie die Koordination des Anlaufes der Montagelinien. Dazu geh\u00f6ren die Versandabnahmen sowie die Abnahmen der Anlagen vor Ort.[\/vc_column_text][vc_separator style=&#8221;dotted&#8221;][\/vc_column_inner][vc_column_inner width=&#8221;1\/6&#8243;][vc_column_text css=&#8221;&#8221;]<\/p>\n<h4 style=\"text-align: right;\">06\/2022 &#8211; 05\/2023<\/h4>\n<p>[\/vc_column_text][\/vc_column_inner][\/vc_row_inner][vc_row_inner][vc_column_inner width=&#8221;1\/6&#8243;][vc_single_image image=&#8221;133&#8243; img_size=&#8221;50&#215;50&#8243; alignment=&#8221;center&#8221; css_animation=&#8221;none&#8221;][vc_column_text css_animation=&#8221;fadeIn&#8221;]<\/p>\n<p style=\"text-align: center;\"><span style=\"font-size: 10pt;\">\u5317\u4eac\u5954\u9a70<\/span><\/p>\n<p>[\/vc_column_text][\/vc_column_inner][vc_column_inner width=&#8221;4\/6&#8243;][vc_column_text]<\/p>\n<h4><span style=\"color: #365f91;\">Ingenieur Planung f\u00fcr M254 Kurbelwelle<\/span><\/h4>\n<h5><span style=\"color: #222a35;\">Daimler Greater China Ltd., Daimler AG. Beijing, China.<\/span><\/h5>\n<p>Planung M254 Kurbelwelle.<br \/>\nBrown-Field Integration der neuen Kurbelwellenvarianten in 2 Produktionslinien.<br \/>\nKoordination der Lieferanten hinsichtlich der Auf- und Umbauten mit der Ma\u00dfgabe der Einhaltung des Terminplans und der Meilensteine w\u00e4hrend der Pandemie wie Produktionstests, Maschinenf\u00e4higkeitsnachweise und Abnahmeprozesse.[\/vc_column_text][vc_separator style=&#8221;dotted&#8221;][\/vc_column_inner][vc_column_inner width=&#8221;1\/6&#8243;][vc_column_text]<\/p>\n<h4 style=\"text-align: right;\">09\/2020 &#8211; 06\/2022<\/h4>\n<p>[\/vc_column_text][\/vc_column_inner][\/vc_row_inner][vc_row_inner][vc_column_inner width=&#8221;1\/6&#8243;][vc_single_image image=&#8221;133&#8243; img_size=&#8221;50&#215;50&#8243; alignment=&#8221;center&#8221; css_animation=&#8221;none&#8221;][vc_column_text css_animation=&#8221;fadeIn&#8221;]<\/p>\n<p style=\"text-align: center;\"><span style=\"font-size: 10pt;\">Werk Untert\u00fcrkheim<\/span><\/p>\n<p>[\/vc_column_text][\/vc_column_inner][vc_column_inner width=&#8221;7\/12&#8243;][vc_column_text]<\/p>\n<h4><span style=\"color: #365f91;\">Ingenieur Planung f\u00fcr M282 Kurbelwelle<\/span><\/h4>\n<h5><span style=\"color: #222a35;\">Mercedes-Benz AG, Stuttgart, Deutschland.<\/span><\/h5>\n<p>Planung M282 Kurbelwelle.<br \/>\nPlanung der Kapazit\u00e4tserweiterung der M282 Fertigungslinie der Kurbelwelle im BBAC Motorenwerk 2 in Beijing, China.[\/vc_column_text][vc_separator style=&#8221;dotted&#8221;][\/vc_column_inner][vc_column_inner width=&#8221;3\/12&#8243;][vc_column_text]<\/p>\n<h4 style=\"text-align: right;\">06\/2019 &#8211; 09\/2020<\/h4>\n<p>[\/vc_column_text][\/vc_column_inner][\/vc_row_inner][vc_row_inner][vc_column_inner width=&#8221;1\/6&#8243;][vc_single_image image=&#8221;133&#8243; img_size=&#8221;50&#215;50&#8243; alignment=&#8221;center&#8221; css_animation=&#8221;none&#8221;][vc_column_text css_animation=&#8221;fadeIn&#8221;]<\/p>\n<p style=\"text-align: center;\"><span style=\"font-size: 10pt;\">\u5317\u4eac\u5954\u9a70<\/span><\/p>\n<p>[\/vc_column_text][\/vc_column_inner][vc_column_inner width=&#8221;4\/6&#8243;][vc_column_text]<\/p>\n<h4><span style=\"color: #365f91;\">Ingenieur Produktion f\u00fcr M282 Kurbelwelle<\/span><\/h4>\n<h5><span style=\"color: #222a35;\">Daimler Greater China Ltd., Daimler AG. Beijing, China.<\/span><\/h5>\n<p>Fertigung M282 Kurbelwelle.<br \/>\nAufbau neues Motorenwerk incl. Inbetriebnahme neuen Maschinenparks. Cmk Abnahmen, Cgk, MSA Abnahmen; Taktzeiteinhaltung.[\/vc_column_text][vc_separator style=&#8221;dotted&#8221;][\/vc_column_inner][vc_column_inner width=&#8221;1\/6&#8243;][vc_column_text]<\/p>\n<h4 style=\"text-align: right;\">01\/2018 &#8211; 06\/2019<\/h4>\n<p>[\/vc_column_text][\/vc_column_inner][\/vc_row_inner][vc_row_inner content_placement=&#8221;top&#8221;][vc_column_inner width=&#8221;1\/6&#8243;][vc_single_image image=&#8221;133&#8243; img_size=&#8221;50&#215;50&#8243; alignment=&#8221;center&#8221; css_animation=&#8221;none&#8221;][vc_column_text css_animation=&#8221;fadeIn&#8221;]<\/p>\n<p style=\"text-align: center;\"><span style=\"font-size: 10pt;\">\u5317\u4eac\u5954\u9a70<\/span><\/p>\n<p>[\/vc_column_text][\/vc_column_inner][vc_column_inner width=&#8221;4\/6&#8243;][vc_column_text]<\/p>\n<h4><span style=\"color: #365f91;\">Ingenieur f\u00fcr M274\/M264 Kurbelgeh\u00e4use<\/span><\/h4>\n<h5>Daimler Greater China Ltd., Daimler AG. Beijing, China.<\/h5>\n<p>Fertigung Kurbelgeh\u00e4use.<br \/>\nOptimierung der Prozesse. Takzeitptimierung: Einsparung div. Maschinen und Werkzeuge. Ablaufoptimierung, Prozessanalyse sowie Probleml\u00f6seprozesse. Einf\u00fchrung Trompeten-Honen.[\/vc_column_text][vc_separator style=&#8221;dotted&#8221;][\/vc_column_inner][vc_column_inner width=&#8221;1\/6&#8243;][vc_column_text]<\/p>\n<h4 style=\"text-align: right;\">10\/2016 &#8211; 01\/2018<\/h4>\n<p>[\/vc_column_text][\/vc_column_inner][\/vc_row_inner][vc_row_inner][vc_column_inner width=&#8221;1\/6&#8243;][vc_single_image image=&#8221;133&#8243; img_size=&#8221;50&#215;50&#8243; alignment=&#8221;center&#8221; css_animation=&#8221;none&#8221;][vc_column_text css_animation=&#8221;fadeIn&#8221;]<\/p>\n<p style=\"text-align: center;\"><span style=\"font-size: 10pt;\">\u5317\u4eac\u5954\u9a70<\/span><\/p>\n<p>[\/vc_column_text][\/vc_column_inner][vc_column_inner width=&#8221;4\/6&#8243;][vc_column_text]<\/p>\n<h4><span style=\"color: #365f91;\">Ingenieur f\u00fcr M274\/M264 Kurbelwellen<\/span><\/h4>\n<h5>Daimler Greater China Ltd., Daimler AG. Beijing, China.<\/h5>\n<p>Fertigung Kurbelwelle M270\/M274 &amp; M260\/M264; R4-Motoren.<br \/>\nBef\u00e4higung der Produktionslinie incl. Abnahme der Operationen, sowie cmk- und cgk Abnahmen. Einf\u00fchrung neuer Varianten unter Taktzeit- und Ausbringungsanforderungen. Werkzeug- und Prozessoptimierungen.[\/vc_column_text][vc_separator style=&#8221;dotted&#8221;][\/vc_column_inner][vc_column_inner width=&#8221;1\/6&#8243;][vc_column_text]<\/p>\n<h4 style=\"text-align: right;\">05\/2014 &#8211; 10\/2016<\/h4>\n<p>[\/vc_column_text][\/vc_column_inner][\/vc_row_inner][vc_row_inner][vc_column_inner width=&#8221;1\/6&#8243;][vc_single_image image=&#8221;133&#8243; img_size=&#8221;50&#215;50&#8243; alignment=&#8221;center&#8221; css_animation=&#8221;none&#8221;][vc_column_text css_animation=&#8221;fadeIn&#8221;]<\/p>\n<p style=\"text-align: center;\"><span style=\"font-size: 10pt;\">Werk Untert\u00fcrkheim<\/span><\/p>\n<p>[\/vc_column_text][\/vc_column_inner][vc_column_inner width=&#8221;4\/6&#8243;][vc_column_text]<\/p>\n<h4><span style=\"color: #365f91;\">Launch-Management f\u00fcr M270\/M274 Motor-Komponenten<\/span><\/h4>\n<h5>Daimler AG. Stuttgart, Deutschland.<\/h5>\n<p>Launch Management Projekt China. Abstimmung der Abnahmeumf\u00e4nge und der Einsatzumf\u00e4nge der LTA&#8217;s. Organisation neuer LTA&#8217;s und deren Integration in das vorhandene Team.[\/vc_column_text][vc_separator style=&#8221;dotted&#8221;][\/vc_column_inner][vc_column_inner width=&#8221;1\/6&#8243;][vc_column_text]<\/p>\n<h4 style=\"text-align: right;\">09\/2013 &#8211; 05\/2014<\/h4>\n<p>[\/vc_column_text][\/vc_column_inner][\/vc_row_inner][vc_row_inner][vc_column_inner width=&#8221;1\/6&#8243;][vc_single_image image=&#8221;133&#8243; img_size=&#8221;50&#215;50&#8243; alignment=&#8221;center&#8221; css_animation=&#8221;none&#8221;][vc_column_text css_animation=&#8221;fadeIn&#8221;]<\/p>\n<p style=\"text-align: center;\"><span style=\"font-size: 10pt;\">Werk Berlin<\/span><\/p>\n<p>[\/vc_column_text][\/vc_column_inner][vc_column_inner width=&#8221;4\/6&#8243;][vc_column_text]<\/p>\n<h4><span style=\"color: #365f91;\">Ingenieur f\u00fcr 4-, 6- und 8-Zylinder Kraftstoff-Hochdruck Komponenten<\/span><\/h4>\n<h5>Daimler AG. Berlin, Deutschland.<\/h5>\n<p>Fertigung Kraftstoff-Hochdruck Komponenten &amp; Rails- und DE-Leitungen f\u00fcr R4-, V6- und V8-Motoren. Cmk-Abnahme neuer Vorrichtungen sowie Taktzeit- und Prozess-Optimierungen.[\/vc_column_text][vc_separator style=&#8221;dotted&#8221;][\/vc_column_inner][vc_column_inner width=&#8221;1\/6&#8243;][vc_column_text]<\/p>\n<h4 style=\"text-align: right;\">09\/2010 &#8211; 09\/2013<\/h4>\n<p>[\/vc_column_text][\/vc_column_inner][\/vc_row_inner][vc_row_inner][vc_column_inner width=&#8221;1\/6&#8243; css=&#8221;.vc_custom_1550487360629{margin: 0px !important;padding: 0px !important;border: 0px initial !important;}&#8221;][vc_single_image image=&#8221;133&#8243; img_size=&#8221;50&#215;50&#8243; alignment=&#8221;center&#8221; css_animation=&#8221;none&#8221;][vc_column_text css_animation=&#8221;fadeIn&#8221;]<\/p>\n<p style=\"text-align: center;\"><span style=\"font-size: 10pt;\">Werk Berlin<\/span><\/p>\n<p>[\/vc_column_text][\/vc_column_inner][vc_column_inner width=&#8221;4\/6&#8243;][vc_column_text]<\/p>\n<h4><span style=\"color: #365f91;\">Duales Studium &#8211; Werksstudent<\/span><\/h4>\n<h5>DaimlerChrysler AG. Berlin, Deutschland.<\/h5>\n<p>Arbeitgeber des dualen Studiums.<br \/>\nW\u00e4hrend des Studiums war ich unter anderem im MPS-Office, der Produktion von Wasserpumpen, der Tauschmotoren und in der Entwicklung t\u00e4tig.[\/vc_column_text][\/vc_column_inner][vc_column_inner width=&#8221;1\/6&#8243;][vc_column_text]<\/p>\n<h4 style=\"text-align: right;\">10\/2007 &#8211; 09\/2010<\/h4>\n<p>[\/vc_column_text][\/vc_column_inner][\/vc_row_inner][\/vc_column][\/vc_row]<\/p>\n<\/div>","protected":false},"excerpt":{"rendered":"<p>[vc_row css=&#8221;.vc_custom_1427330132202{padding-bottom: 20px !important;}&#8221;][vc_column][lab_heading title=&#8221;Beruf.&#8221;][\/lab_heading][\/vc_column][\/vc_row][vc_row equal_height=&#8221;yes&#8221; content_placement=&#8221;middle&#8221; el_id=&#8221;daimler-jobs1&#8243;][vc_column][vc_column_text css=&#8221;&#8221;] DaimlerChrysler AG Meine berufliche Laufbahn startete ich bei der damaligen DaimlerChrysler AG im Mercedes-Benz Werk Berlin-Marienfelde. Eine \u00dcbersicht meiner bisherigen Positionen k\u00f6nnen Sie hier einsehen: [\/vc_column_text][vc_row_inner][vc_column_inner width=&#8221;1\/6&#8243;][vc_single_image image=&#8221;133&#8243; img_size=&#8221;50&#215;50&#8243; alignment=&#8221;center&#8221; css_animation=&#8221;none&#8221;][vc_column_text css_animation=&#8221;fadeIn&#8221; css=&#8221;&#8221;] \u5317\u4eac\u5954\u9a70 [\/vc_column_text][\/vc_column_inner][vc_column_inner width=&#8221;4\/6&#8243;][vc_column_text css=&#8221;&#8221;] Qualit\u00e4ts-Ingenieur Montage f\u00fcr elektrisches Antriebssystem (eATS 2.0) Mercedes-Benz Group&hellip;<\/p>\n","protected":false},"author":1,"featured_media":0,"parent":0,"menu_order":0,"comment_status":"open","ping_status":"open","template":"","meta":{"_acf_changed":false,"footnotes":""},"class_list":["post-4808","page","type-page","status-publish","hentry"],"acf":[],"_links":{"self":[{"href":"http:\/\/business.danny-winkelmann.de\/index.php?rest_route=\/wp\/v2\/pages\/4808","targetHints":{"allow":["GET"]}}],"collection":[{"href":"http:\/\/business.danny-winkelmann.de\/index.php?rest_route=\/wp\/v2\/pages"}],"about":[{"href":"http:\/\/business.danny-winkelmann.de\/index.php?rest_route=\/wp\/v2\/types\/page"}],"author":[{"embeddable":true,"href":"http:\/\/business.danny-winkelmann.de\/index.php?rest_route=\/wp\/v2\/users\/1"}],"replies":[{"embeddable":true,"href":"http:\/\/business.danny-winkelmann.de\/index.php?rest_route=%2Fwp%2Fv2%2Fcomments&post=4808"}],"version-history":[{"count":68,"href":"http:\/\/business.danny-winkelmann.de\/index.php?rest_route=\/wp\/v2\/pages\/4808\/revisions"}],"predecessor-version":[{"id":5108,"href":"http:\/\/business.danny-winkelmann.de\/index.php?rest_route=\/wp\/v2\/pages\/4808\/revisions\/5108"}],"wp:attachment":[{"href":"http:\/\/business.danny-winkelmann.de\/index.php?rest_route=%2Fwp%2Fv2%2Fmedia&parent=4808"}],"curies":[{"name":"wp","href":"https:\/\/api.w.org\/{rel}","templated":true}]}}