{"id":2167,"date":"2015-03-12T14:52:34","date_gmt":"2015-03-12T14:52:34","guid":{"rendered":"http:\/\/demo-content.kaliumtheme.com\/freelancer\/?page_id=2167"},"modified":"2020-09-05T15:03:54","modified_gmt":"2020-09-05T13:03:54","slug":"about-me","status":"publish","type":"page","link":"http:\/\/business.danny-winkelmann.de\/?page_id=2167","title":{"rendered":"\u00dcber Mich"},"content":{"rendered":"<div class=\"wpb-content-wrapper\"><p>[vc_row css=&#8221;.vc_custom_1531226305819{padding-bottom: 20px !important;}&#8221;][vc_column reveal_effect=&#8221;fadeIn&#8221; reveal_duration=&#8221;0.7&#8243; reveal_delay=&#8221;0.1&#8243;][lab_heading title=&#8221;\u00dcber Mich.&#8221;][\/lab_heading][\/vc_column][\/vc_row][vc_row][vc_column width=&#8221;2\/3&#8243; reveal_effect=&#8221;fadeInLab&#8221; reveal_duration=&#8221;1.5&#8243; reveal_delay=&#8221;0.5&#8243;][vc_column_text css=&#8221;.vc_custom_1563028751792{padding-top: 30px !important;padding-right: 15px !important;padding-bottom: 30px !important;padding-left: 45px !important;background-color: #eeeeee !important;}&#8221;]<\/p>\n<h3>Danny Winkelmann<br \/>\n<small>M.Eng., MBA<\/small><\/h3>\n<p>&nbsp;<\/p>\n<p>Ich stamme aus der berliner Region und kann auf eine gl\u00fcckliche Kindheit in Biesenthal und Bernau zur\u00fcckblicken. Nach der Grundschule Biesenthal besuchte ich das Paulus-Praetorius-Gymnasium in Bernau bei Berlin. Hier konnte ich mein Abitur mit den Leistungsf\u00e4chern Mathematik und Informatik abschlie\u00dfen.<\/p>\n<p>Nach dem Abitur entschied ich mich f\u00fcr ein duales Studium im Maschinenbau im Mercedes-Benz Werk Berlin-Marienfelde der damaligen DaimlerChrysler AG. Ein weiteres Angebot zum dualen Studium zum Wirtschaftsinformatiker von ABB habe ich damals zugunsten von DaimlerChrysler ausgeschlagen. Diese und weitere Informationen k\u00f6nnen Sie unter:\u00a0<a href=\"http:\/\/weblog.danny-winkelmann.de\/?page_id=4808\">&#8220;Beruf&#8221;<\/a>\u00a0bzw.\u00a0<a href=\"http:\/\/weblog.danny-winkelmann.de\/?page_id=4937\">&#8220;Bildung&#8221;<\/a>\u00a0einsehen.<\/p>\n<p>Abseits der beruflichen und akademischen Wege \u00fcbe ich diverse Hobbies aus. Noch aus meiner Abiturzeit verf\u00fcge \u00fcber ein ausgepr\u00e4gtes Interesse an diversen Programmiersprachen und deren Umsetzung. Da ich mich 2007 dazu entschieden habe den Maschinenbau als Beruf auszuf\u00fchren, blieb mir die Informatik als Hobby &#8211; eines der Ergebnisse sehen Sie hier.<\/p>\n<p>Weitere Hobbys sind das Restaurieren von Oldtimern und das Auslegen und Entwerfen von hochwertigen, funktionellen M\u00f6beln und Prototypen.<br \/>\nW\u00e4hrend meiner mehrj\u00e4hringen Auslandst\u00e4tigkeit in China konnte ich meine F\u00e4higkeiten und Kenntnisse zum Thema 3D-Konstruktion und 3D-Druck signifikant erweitern und umfangreiche Erfahrungen sammeln. Diese beruflich einsetzen zu k\u00f6nnen w\u00fcrde gleichzeitig mein Interesse und meine F\u00e4higkeiten wecken.[\/vc_column_text][\/vc_column][vc_column width=&#8221;1\/3&#8243;][vc_single_image image=&#8221;4851&#8243; img_size=&#8221;large&#8221; css_animation=&#8221;bottom-to-top&#8221; el_class=&#8221;lab-bordered-image&#8221;][vc_row_inner][vc_column_inner][vc_column_text]<\/p>\n<h4 style=\"text-align: left;\">Bisherige Arbeitgeber<\/h4>\n<p>[\/vc_column_text][\/vc_column_inner][\/vc_row_inner][lab_clients columns_count=&#8221;2&#8243; image_borders=&#8221;no&#8221;][lab_clients_entry image=&#8221;133&#8243; title=&#8221;Mercedes-Benz AG&#8221;][\/lab_clients][\/vc_column][\/vc_row]<\/p>\n<\/div>","protected":false},"excerpt":{"rendered":"<p>[vc_row css=&#8221;.vc_custom_1531226305819{padding-bottom: 20px !important;}&#8221;][vc_column reveal_effect=&#8221;fadeIn&#8221; reveal_duration=&#8221;0.7&#8243; reveal_delay=&#8221;0.1&#8243;][lab_heading title=&#8221;\u00dcber Mich.&#8221;][\/lab_heading][\/vc_column][\/vc_row][vc_row][vc_column width=&#8221;2\/3&#8243; reveal_effect=&#8221;fadeInLab&#8221; reveal_duration=&#8221;1.5&#8243; reveal_delay=&#8221;0.5&#8243;][vc_column_text css=&#8221;.vc_custom_1563028751792{padding-top: 30px !important;padding-right: 15px !important;padding-bottom: 30px !important;padding-left: 45px !important;background-color: #eeeeee !important;}&#8221;] Danny Winkelmann M.Eng., MBA &nbsp; Ich stamme aus der berliner Region und kann auf eine gl\u00fcckliche Kindheit in Biesenthal und Bernau zur\u00fcckblicken. Nach der Grundschule Biesenthal besuchte ich das Paulus-Praetorius-Gymnasium in&hellip;<\/p>\n","protected":false},"author":1,"featured_media":0,"parent":0,"menu_order":0,"comment_status":"open","ping_status":"open","template":"","meta":{"_acf_changed":false,"footnotes":""},"class_list":["post-2167","page","type-page","status-publish","hentry"],"acf":[],"_links":{"self":[{"href":"http:\/\/business.danny-winkelmann.de\/index.php?rest_route=\/wp\/v2\/pages\/2167","targetHints":{"allow":["GET"]}}],"collection":[{"href":"http:\/\/business.danny-winkelmann.de\/index.php?rest_route=\/wp\/v2\/pages"}],"about":[{"href":"http:\/\/business.danny-winkelmann.de\/index.php?rest_route=\/wp\/v2\/types\/page"}],"author":[{"embeddable":true,"href":"http:\/\/business.danny-winkelmann.de\/index.php?rest_route=\/wp\/v2\/users\/1"}],"replies":[{"embeddable":true,"href":"http:\/\/business.danny-winkelmann.de\/index.php?rest_route=%2Fwp%2Fv2%2Fcomments&post=2167"}],"version-history":[{"count":45,"href":"http:\/\/business.danny-winkelmann.de\/index.php?rest_route=\/wp\/v2\/pages\/2167\/revisions"}],"predecessor-version":[{"id":5190,"href":"http:\/\/business.danny-winkelmann.de\/index.php?rest_route=\/wp\/v2\/pages\/2167\/revisions\/5190"}],"wp:attachment":[{"href":"http:\/\/business.danny-winkelmann.de\/index.php?rest_route=%2Fwp%2Fv2%2Fmedia&parent=2167"}],"curies":[{"name":"wp","href":"https:\/\/api.w.org\/{rel}","templated":true}]}}